{"id":703,"date":"2024-07-02T13:54:21","date_gmt":"2024-07-02T11:54:21","guid":{"rendered":"https:\/\/www.vitaevino.org\/home\/"},"modified":"2024-12-05T11:27:34","modified_gmt":"2024-12-05T10:27:34","slug":"home","status":"publish","type":"page","link":"https:\/\/www.vitaevino.org\/ro\/","title":{"rendered":"The Declaration"},"content":{"rendered":"","protected":false},"excerpt":{"rendered":"","protected":false},"author":1,"featured_media":704,"parent":0,"menu_order":0,"comment_status":"closed","ping_status":"closed","template":"src\/pages-templates\/home.php","meta":{"_acf_changed":false,"inline_featured_image":false,"footnotes":""},"class_list":["post-703","page","type-page","status-publish","has-post-thumbnail","hentry"],"acf":[],"yoast_head":"<!-- This site is optimized with the Yoast SEO plugin v26.6 - https:\/\/yoast.com\/wordpress\/plugins\/seo\/ -->\n<title>Vit\u00e6vino, Ap\u0103ra\u021bi vinul: cultur\u0103 \u0219i convivialitate<\/title>\n<meta name=\"description\" content=\"Prin semnarea Declara\u021biei Vinului, sus\u021bine\u021bi vinul ca simbol al convivialit\u0103\u021bii, al rolului s\u0103u istoric, economic \u0219i cultural \u0219i sus\u021bine\u021bi un consum moderat ca parte a unui stil de via\u021b\u0103 s\u0103n\u0103tos.\" \/>\n<meta name=\"robots\" content=\"index, follow, max-snippet:-1, max-image-preview:large, max-video-preview:-1\" \/>\n<link rel=\"canonical\" href=\"https:\/\/www.vitaevino.org\/ro\/\" \/>\n<meta property=\"og:locale\" content=\"ro_RO\" \/>\n<meta property=\"og:type\" content=\"article\" \/>\n<meta property=\"og:title\" content=\"Vit\u00e6vino, Ap\u0103ra\u021bi vinul: cultur\u0103 \u0219i convivialitate\" \/>\n<meta property=\"og:description\" content=\"Prin semnarea Declara\u021biei Vinului, sus\u021bine\u021bi vinul ca simbol al convivialit\u0103\u021bii, al rolului s\u0103u istoric, economic \u0219i cultural \u0219i sus\u021bine\u021bi un consum moderat ca parte a unui stil de via\u021b\u0103 s\u0103n\u0103tos.\" \/>\n<meta property=\"og:url\" content=\"https:\/\/www.vitaevino.org\/ro\/\" \/>\n<meta property=\"og:site_name\" content=\"Vit\u00e6vino\" \/>\n<meta property=\"article:modified_time\" content=\"2024-12-05T10:27:34+00:00\" \/>\n<meta property=\"og:image\" content=\"https:\/\/www.vitaevino.org\/wp-content\/uploads\/2024\/07\/vitaevino-share.jpg\" \/>\n\t<meta property=\"og:image:width\" content=\"1200\" \/>\n\t<meta property=\"og:image:height\" content=\"675\" \/>\n\t<meta property=\"og:image:type\" content=\"image\/jpeg\" \/>\n<meta name=\"twitter:card\" content=\"summary_large_image\" \/>\n<meta name=\"twitter:label1\" content=\"Timp estimat pentru citire\" \/>\n\t<meta name=\"twitter:data1\" content=\"1 minut\" \/>\n<script type=\"application\/ld+json\" class=\"yoast-schema-graph\">{\"@context\":\"https:\/\/schema.org\",\"@graph\":[{\"@type\":\"WebPage\",\"@id\":\"https:\/\/www.vitaevino.org\/ro\/\",\"url\":\"https:\/\/www.vitaevino.org\/ro\/\",\"name\":\"Vit\u00e6vino, Ap\u0103ra\u021bi vinul: cultur\u0103 \u0219i convivialitate\",\"isPartOf\":{\"@id\":\"https:\/\/www.vitaevino.org\/ro\/#website\"},\"primaryImageOfPage\":{\"@id\":\"https:\/\/www.vitaevino.org\/ro\/#primaryimage\"},\"image\":{\"@id\":\"https:\/\/www.vitaevino.org\/ro\/#primaryimage\"},\"thumbnailUrl\":\"https:\/\/www.vitaevino.org\/wp-content\/uploads\/2024\/07\/vitaevino-share.jpg\",\"datePublished\":\"2024-07-02T11:54:21+00:00\",\"dateModified\":\"2024-12-05T10:27:34+00:00\",\"description\":\"Prin semnarea Declara\u021biei Vinului, sus\u021bine\u021bi vinul ca simbol al convivialit\u0103\u021bii, al rolului s\u0103u istoric, economic \u0219i cultural \u0219i sus\u021bine\u021bi un consum moderat ca parte a unui stil de via\u021b\u0103 s\u0103n\u0103tos.\",\"breadcrumb\":{\"@id\":\"https:\/\/www.vitaevino.org\/ro\/#breadcrumb\"},\"inLanguage\":\"ro-RO\",\"potentialAction\":[{\"@type\":\"ReadAction\",\"target\":[\"https:\/\/www.vitaevino.org\/ro\/\"]}]},{\"@type\":\"ImageObject\",\"inLanguage\":\"ro-RO\",\"@id\":\"https:\/\/www.vitaevino.org\/ro\/#primaryimage\",\"url\":\"https:\/\/www.vitaevino.org\/wp-content\/uploads\/2024\/07\/vitaevino-share.jpg\",\"contentUrl\":\"https:\/\/www.vitaevino.org\/wp-content\/uploads\/2024\/07\/vitaevino-share.jpg\",\"width\":1200,\"height\":675},{\"@type\":\"BreadcrumbList\",\"@id\":\"https:\/\/www.vitaevino.org\/ro\/#breadcrumb\",\"itemListElement\":[{\"@type\":\"ListItem\",\"position\":1,\"name\":\"Home\",\"item\":\"https:\/\/www.vitaevino.org\/ro\/\"},{\"@type\":\"ListItem\",\"position\":2,\"name\":\"The Declaration\"}]},{\"@type\":\"WebSite\",\"@id\":\"https:\/\/www.vitaevino.org\/ro\/#website\",\"url\":\"https:\/\/www.vitaevino.org\/ro\/\",\"name\":\"Vit\u00e6vino\",\"description\":\"Defend wine culture and conviviality\",\"publisher\":{\"@id\":\"https:\/\/www.vitaevino.org\/ro\/#organization\"},\"potentialAction\":[{\"@type\":\"SearchAction\",\"target\":{\"@type\":\"EntryPoint\",\"urlTemplate\":\"https:\/\/www.vitaevino.org\/ro\/?s={search_term_string}\"},\"query-input\":{\"@type\":\"PropertyValueSpecification\",\"valueRequired\":true,\"valueName\":\"search_term_string\"}}],\"inLanguage\":\"ro-RO\"},{\"@type\":\"Organization\",\"@id\":\"https:\/\/www.vitaevino.org\/ro\/#organization\",\"name\":\"Vit\u00e6vino\",\"url\":\"https:\/\/www.vitaevino.org\/ro\/\",\"logo\":{\"@type\":\"ImageObject\",\"inLanguage\":\"ro-RO\",\"@id\":\"https:\/\/www.vitaevino.org\/ro\/#\/schema\/logo\/image\/\",\"url\":\"https:\/\/www.vitaevino.org\/wp-content\/uploads\/2024\/07\/VitaeVino_Logo_Regular.jpg\",\"contentUrl\":\"https:\/\/www.vitaevino.org\/wp-content\/uploads\/2024\/07\/VitaeVino_Logo_Regular.jpg\",\"width\":2458,\"height\":657,\"caption\":\"Vit\u00e6vino\"},\"image\":{\"@id\":\"https:\/\/www.vitaevino.org\/ro\/#\/schema\/logo\/image\/\"}}]}<\/script>\n<!-- \/ Yoast SEO plugin. -->","yoast_head_json":{"title":"Vit\u00e6vino, Ap\u0103ra\u021bi vinul: cultur\u0103 \u0219i convivialitate","description":"Prin semnarea Declara\u021biei Vinului, sus\u021bine\u021bi vinul ca simbol al convivialit\u0103\u021bii, al rolului s\u0103u istoric, economic \u0219i cultural \u0219i sus\u021bine\u021bi un consum moderat ca parte a unui stil de via\u021b\u0103 s\u0103n\u0103tos.","robots":{"index":"index","follow":"follow","max-snippet":"max-snippet:-1","max-image-preview":"max-image-preview:large","max-video-preview":"max-video-preview:-1"},"canonical":"https:\/\/www.vitaevino.org\/ro\/","og_locale":"ro_RO","og_type":"article","og_title":"Vit\u00e6vino, Ap\u0103ra\u021bi vinul: cultur\u0103 \u0219i convivialitate","og_description":"Prin semnarea Declara\u021biei Vinului, sus\u021bine\u021bi vinul ca simbol al convivialit\u0103\u021bii, al rolului s\u0103u istoric, economic \u0219i cultural \u0219i sus\u021bine\u021bi un consum moderat ca parte a unui stil de via\u021b\u0103 s\u0103n\u0103tos.","og_url":"https:\/\/www.vitaevino.org\/ro\/","og_site_name":"Vit\u00e6vino","article_modified_time":"2024-12-05T10:27:34+00:00","og_image":[{"width":1200,"height":675,"url":"https:\/\/www.vitaevino.org\/wp-content\/uploads\/2024\/07\/vitaevino-share.jpg","type":"image\/jpeg"}],"twitter_card":"summary_large_image","twitter_misc":{"Timp estimat pentru citire":"1 minut"},"schema":{"@context":"https:\/\/schema.org","@graph":[{"@type":"WebPage","@id":"https:\/\/www.vitaevino.org\/ro\/","url":"https:\/\/www.vitaevino.org\/ro\/","name":"Vit\u00e6vino, Ap\u0103ra\u021bi vinul: cultur\u0103 \u0219i convivialitate","isPartOf":{"@id":"https:\/\/www.vitaevino.org\/ro\/#website"},"primaryImageOfPage":{"@id":"https:\/\/www.vitaevino.org\/ro\/#primaryimage"},"image":{"@id":"https:\/\/www.vitaevino.org\/ro\/#primaryimage"},"thumbnailUrl":"https:\/\/www.vitaevino.org\/wp-content\/uploads\/2024\/07\/vitaevino-share.jpg","datePublished":"2024-07-02T11:54:21+00:00","dateModified":"2024-12-05T10:27:34+00:00","description":"Prin semnarea Declara\u021biei Vinului, sus\u021bine\u021bi vinul ca simbol al convivialit\u0103\u021bii, al rolului s\u0103u istoric, economic \u0219i cultural \u0219i sus\u021bine\u021bi un consum moderat ca parte a unui stil de via\u021b\u0103 s\u0103n\u0103tos.","breadcrumb":{"@id":"https:\/\/www.vitaevino.org\/ro\/#breadcrumb"},"inLanguage":"ro-RO","potentialAction":[{"@type":"ReadAction","target":["https:\/\/www.vitaevino.org\/ro\/"]}]},{"@type":"ImageObject","inLanguage":"ro-RO","@id":"https:\/\/www.vitaevino.org\/ro\/#primaryimage","url":"https:\/\/www.vitaevino.org\/wp-content\/uploads\/2024\/07\/vitaevino-share.jpg","contentUrl":"https:\/\/www.vitaevino.org\/wp-content\/uploads\/2024\/07\/vitaevino-share.jpg","width":1200,"height":675},{"@type":"BreadcrumbList","@id":"https:\/\/www.vitaevino.org\/ro\/#breadcrumb","itemListElement":[{"@type":"ListItem","position":1,"name":"Home","item":"https:\/\/www.vitaevino.org\/ro\/"},{"@type":"ListItem","position":2,"name":"The Declaration"}]},{"@type":"WebSite","@id":"https:\/\/www.vitaevino.org\/ro\/#website","url":"https:\/\/www.vitaevino.org\/ro\/","name":"Vit\u00e6vino","description":"Defend wine culture and conviviality","publisher":{"@id":"https:\/\/www.vitaevino.org\/ro\/#organization"},"potentialAction":[{"@type":"SearchAction","target":{"@type":"EntryPoint","urlTemplate":"https:\/\/www.vitaevino.org\/ro\/?s={search_term_string}"},"query-input":{"@type":"PropertyValueSpecification","valueRequired":true,"valueName":"search_term_string"}}],"inLanguage":"ro-RO"},{"@type":"Organization","@id":"https:\/\/www.vitaevino.org\/ro\/#organization","name":"Vit\u00e6vino","url":"https:\/\/www.vitaevino.org\/ro\/","logo":{"@type":"ImageObject","inLanguage":"ro-RO","@id":"https:\/\/www.vitaevino.org\/ro\/#\/schema\/logo\/image\/","url":"https:\/\/www.vitaevino.org\/wp-content\/uploads\/2024\/07\/VitaeVino_Logo_Regular.jpg","contentUrl":"https:\/\/www.vitaevino.org\/wp-content\/uploads\/2024\/07\/VitaeVino_Logo_Regular.jpg","width":2458,"height":657,"caption":"Vit\u00e6vino"},"image":{"@id":"https:\/\/www.vitaevino.org\/ro\/#\/schema\/logo\/image\/"}}]}},"_links":{"self":[{"href":"https:\/\/www.vitaevino.org\/ro\/wp-json\/wp\/v2\/pages\/703","targetHints":{"allow":["GET"]}}],"collection":[{"href":"https:\/\/www.vitaevino.org\/ro\/wp-json\/wp\/v2\/pages"}],"about":[{"href":"https:\/\/www.vitaevino.org\/ro\/wp-json\/wp\/v2\/types\/page"}],"author":[{"embeddable":true,"href":"https:\/\/www.vitaevino.org\/ro\/wp-json\/wp\/v2\/users\/1"}],"replies":[{"embeddable":true,"href":"https:\/\/www.vitaevino.org\/ro\/wp-json\/wp\/v2\/comments?post=703"}],"version-history":[{"count":2,"href":"https:\/\/www.vitaevino.org\/ro\/wp-json\/wp\/v2\/pages\/703\/revisions"}],"predecessor-version":[{"id":14974,"href":"https:\/\/www.vitaevino.org\/ro\/wp-json\/wp\/v2\/pages\/703\/revisions\/14974"}],"wp:featuredmedia":[{"embeddable":true,"href":"https:\/\/www.vitaevino.org\/ro\/wp-json\/wp\/v2\/media\/704"}],"wp:attachment":[{"href":"https:\/\/www.vitaevino.org\/ro\/wp-json\/wp\/v2\/media?parent=703"}],"curies":[{"name":"wp","href":"https:\/\/api.w.org\/{rel}","templated":true}]}}