{"id":376,"date":"2024-07-02T13:54:21","date_gmt":"2024-07-02T11:54:21","guid":{"rendered":"https:\/\/www.vitaevino.org\/home\/"},"modified":"2024-12-05T11:18:45","modified_gmt":"2024-12-05T10:18:45","slug":"home","status":"publish","type":"page","link":"https:\/\/www.vitaevino.org\/es\/","title":{"rendered":"Declaraci\u00f3n"},"content":{"rendered":"","protected":false},"excerpt":{"rendered":"","protected":false},"author":1,"featured_media":49,"parent":0,"menu_order":0,"comment_status":"closed","ping_status":"closed","template":"src\/pages-templates\/home.php","meta":{"_acf_changed":false,"inline_featured_image":false,"footnotes":""},"class_list":["post-376","page","type-page","status-publish","has-post-thumbnail","hentry"],"acf":[],"yoast_head":"<!-- This site is optimized with the Yoast SEO plugin v26.6 - https:\/\/yoast.com\/wordpress\/plugins\/seo\/ -->\n<title>Vit\u00e6vino, Defiende la cultura del vino y la convivencia<\/title>\n<meta name=\"description\" content=\"Al firmar la Declaraci\u00f3n del Vino, usted defiende el vino como s\u00edmbolo de convivencia, su papel hist\u00f3rico, econ\u00f3mico y cultural, y apoya el consumo moderado como parte de un estilo de vida saludable.\" \/>\n<meta name=\"robots\" content=\"index, follow, max-snippet:-1, max-image-preview:large, max-video-preview:-1\" \/>\n<link rel=\"canonical\" href=\"https:\/\/www.vitaevino.org\/es\/\" \/>\n<meta property=\"og:locale\" content=\"es_ES\" \/>\n<meta property=\"og:type\" content=\"article\" \/>\n<meta property=\"og:title\" content=\"Vit\u00e6vino, Defiende la cultura del vino y la convivencia\" \/>\n<meta property=\"og:description\" content=\"Al firmar la Declaraci\u00f3n del Vino, usted defiende el vino como s\u00edmbolo de convivencia, su papel hist\u00f3rico, econ\u00f3mico y cultural, y apoya el consumo moderado como parte de un estilo de vida saludable.\" \/>\n<meta property=\"og:url\" content=\"https:\/\/www.vitaevino.org\/es\/\" \/>\n<meta property=\"og:site_name\" content=\"Vit\u00e6vino\" \/>\n<meta property=\"article:modified_time\" content=\"2024-12-05T10:18:45+00:00\" \/>\n<meta property=\"og:image\" content=\"https:\/\/www.vitaevino.org\/wp-content\/uploads\/2024\/07\/vitaevino-share.jpg\" \/>\n\t<meta property=\"og:image:width\" content=\"1200\" \/>\n\t<meta property=\"og:image:height\" content=\"675\" \/>\n\t<meta property=\"og:image:type\" content=\"image\/jpeg\" \/>\n<meta name=\"twitter:card\" content=\"summary_large_image\" \/>\n<meta name=\"twitter:label1\" content=\"Tiempo de lectura\" \/>\n\t<meta name=\"twitter:data1\" content=\"1 minuto\" \/>\n<script type=\"application\/ld+json\" class=\"yoast-schema-graph\">{\"@context\":\"https:\/\/schema.org\",\"@graph\":[{\"@type\":\"WebPage\",\"@id\":\"https:\/\/www.vitaevino.org\/es\/\",\"url\":\"https:\/\/www.vitaevino.org\/es\/\",\"name\":\"Vit\u00e6vino, Defiende la cultura del vino y la convivencia\",\"isPartOf\":{\"@id\":\"https:\/\/www.vitaevino.org\/es\/#website\"},\"primaryImageOfPage\":{\"@id\":\"https:\/\/www.vitaevino.org\/es\/#primaryimage\"},\"image\":{\"@id\":\"https:\/\/www.vitaevino.org\/es\/#primaryimage\"},\"thumbnailUrl\":\"https:\/\/www.vitaevino.org\/wp-content\/uploads\/2024\/07\/vitaevino-share.jpg\",\"datePublished\":\"2024-07-02T11:54:21+00:00\",\"dateModified\":\"2024-12-05T10:18:45+00:00\",\"description\":\"Al firmar la Declaraci\u00f3n del Vino, usted defiende el vino como s\u00edmbolo de convivencia, su papel hist\u00f3rico, econ\u00f3mico y cultural, y apoya el consumo moderado como parte de un estilo de vida saludable.\",\"breadcrumb\":{\"@id\":\"https:\/\/www.vitaevino.org\/es\/#breadcrumb\"},\"inLanguage\":\"es\",\"potentialAction\":[{\"@type\":\"ReadAction\",\"target\":[\"https:\/\/www.vitaevino.org\/es\/\"]}]},{\"@type\":\"ImageObject\",\"inLanguage\":\"es\",\"@id\":\"https:\/\/www.vitaevino.org\/es\/#primaryimage\",\"url\":\"https:\/\/www.vitaevino.org\/wp-content\/uploads\/2024\/07\/vitaevino-share.jpg\",\"contentUrl\":\"https:\/\/www.vitaevino.org\/wp-content\/uploads\/2024\/07\/vitaevino-share.jpg\",\"width\":1200,\"height\":675},{\"@type\":\"BreadcrumbList\",\"@id\":\"https:\/\/www.vitaevino.org\/es\/#breadcrumb\",\"itemListElement\":[{\"@type\":\"ListItem\",\"position\":1,\"name\":\"Home\",\"item\":\"https:\/\/www.vitaevino.org\/es\/\"},{\"@type\":\"ListItem\",\"position\":2,\"name\":\"Declaraci\u00f3n\"}]},{\"@type\":\"WebSite\",\"@id\":\"https:\/\/www.vitaevino.org\/es\/#website\",\"url\":\"https:\/\/www.vitaevino.org\/es\/\",\"name\":\"Vit\u00e6vino\",\"description\":\"Defend wine culture and conviviality\",\"publisher\":{\"@id\":\"https:\/\/www.vitaevino.org\/es\/#organization\"},\"potentialAction\":[{\"@type\":\"SearchAction\",\"target\":{\"@type\":\"EntryPoint\",\"urlTemplate\":\"https:\/\/www.vitaevino.org\/es\/?s={search_term_string}\"},\"query-input\":{\"@type\":\"PropertyValueSpecification\",\"valueRequired\":true,\"valueName\":\"search_term_string\"}}],\"inLanguage\":\"es\"},{\"@type\":\"Organization\",\"@id\":\"https:\/\/www.vitaevino.org\/es\/#organization\",\"name\":\"Vit\u00e6vino\",\"url\":\"https:\/\/www.vitaevino.org\/es\/\",\"logo\":{\"@type\":\"ImageObject\",\"inLanguage\":\"es\",\"@id\":\"https:\/\/www.vitaevino.org\/es\/#\/schema\/logo\/image\/\",\"url\":\"https:\/\/www.vitaevino.org\/wp-content\/uploads\/2024\/07\/VitaeVino_Logo_Regular.jpg\",\"contentUrl\":\"https:\/\/www.vitaevino.org\/wp-content\/uploads\/2024\/07\/VitaeVino_Logo_Regular.jpg\",\"width\":2458,\"height\":657,\"caption\":\"Vit\u00e6vino\"},\"image\":{\"@id\":\"https:\/\/www.vitaevino.org\/es\/#\/schema\/logo\/image\/\"}}]}<\/script>\n<!-- \/ Yoast SEO plugin. -->","yoast_head_json":{"title":"Vit\u00e6vino, Defiende la cultura del vino y la convivencia","description":"Al firmar la Declaraci\u00f3n del Vino, usted defiende el vino como s\u00edmbolo de convivencia, su papel hist\u00f3rico, econ\u00f3mico y cultural, y apoya el consumo moderado como parte de un estilo de vida saludable.","robots":{"index":"index","follow":"follow","max-snippet":"max-snippet:-1","max-image-preview":"max-image-preview:large","max-video-preview":"max-video-preview:-1"},"canonical":"https:\/\/www.vitaevino.org\/es\/","og_locale":"es_ES","og_type":"article","og_title":"Vit\u00e6vino, Defiende la cultura del vino y la convivencia","og_description":"Al firmar la Declaraci\u00f3n del Vino, usted defiende el vino como s\u00edmbolo de convivencia, su papel hist\u00f3rico, econ\u00f3mico y cultural, y apoya el consumo moderado como parte de un estilo de vida saludable.","og_url":"https:\/\/www.vitaevino.org\/es\/","og_site_name":"Vit\u00e6vino","article_modified_time":"2024-12-05T10:18:45+00:00","og_image":[{"width":1200,"height":675,"url":"https:\/\/www.vitaevino.org\/wp-content\/uploads\/2024\/07\/vitaevino-share.jpg","type":"image\/jpeg"}],"twitter_card":"summary_large_image","twitter_misc":{"Tiempo de lectura":"1 minuto"},"schema":{"@context":"https:\/\/schema.org","@graph":[{"@type":"WebPage","@id":"https:\/\/www.vitaevino.org\/es\/","url":"https:\/\/www.vitaevino.org\/es\/","name":"Vit\u00e6vino, Defiende la cultura del vino y la convivencia","isPartOf":{"@id":"https:\/\/www.vitaevino.org\/es\/#website"},"primaryImageOfPage":{"@id":"https:\/\/www.vitaevino.org\/es\/#primaryimage"},"image":{"@id":"https:\/\/www.vitaevino.org\/es\/#primaryimage"},"thumbnailUrl":"https:\/\/www.vitaevino.org\/wp-content\/uploads\/2024\/07\/vitaevino-share.jpg","datePublished":"2024-07-02T11:54:21+00:00","dateModified":"2024-12-05T10:18:45+00:00","description":"Al firmar la Declaraci\u00f3n del Vino, usted defiende el vino como s\u00edmbolo de convivencia, su papel hist\u00f3rico, econ\u00f3mico y cultural, y apoya el consumo moderado como parte de un estilo de vida saludable.","breadcrumb":{"@id":"https:\/\/www.vitaevino.org\/es\/#breadcrumb"},"inLanguage":"es","potentialAction":[{"@type":"ReadAction","target":["https:\/\/www.vitaevino.org\/es\/"]}]},{"@type":"ImageObject","inLanguage":"es","@id":"https:\/\/www.vitaevino.org\/es\/#primaryimage","url":"https:\/\/www.vitaevino.org\/wp-content\/uploads\/2024\/07\/vitaevino-share.jpg","contentUrl":"https:\/\/www.vitaevino.org\/wp-content\/uploads\/2024\/07\/vitaevino-share.jpg","width":1200,"height":675},{"@type":"BreadcrumbList","@id":"https:\/\/www.vitaevino.org\/es\/#breadcrumb","itemListElement":[{"@type":"ListItem","position":1,"name":"Home","item":"https:\/\/www.vitaevino.org\/es\/"},{"@type":"ListItem","position":2,"name":"Declaraci\u00f3n"}]},{"@type":"WebSite","@id":"https:\/\/www.vitaevino.org\/es\/#website","url":"https:\/\/www.vitaevino.org\/es\/","name":"Vit\u00e6vino","description":"Defend wine culture and conviviality","publisher":{"@id":"https:\/\/www.vitaevino.org\/es\/#organization"},"potentialAction":[{"@type":"SearchAction","target":{"@type":"EntryPoint","urlTemplate":"https:\/\/www.vitaevino.org\/es\/?s={search_term_string}"},"query-input":{"@type":"PropertyValueSpecification","valueRequired":true,"valueName":"search_term_string"}}],"inLanguage":"es"},{"@type":"Organization","@id":"https:\/\/www.vitaevino.org\/es\/#organization","name":"Vit\u00e6vino","url":"https:\/\/www.vitaevino.org\/es\/","logo":{"@type":"ImageObject","inLanguage":"es","@id":"https:\/\/www.vitaevino.org\/es\/#\/schema\/logo\/image\/","url":"https:\/\/www.vitaevino.org\/wp-content\/uploads\/2024\/07\/VitaeVino_Logo_Regular.jpg","contentUrl":"https:\/\/www.vitaevino.org\/wp-content\/uploads\/2024\/07\/VitaeVino_Logo_Regular.jpg","width":2458,"height":657,"caption":"Vit\u00e6vino"},"image":{"@id":"https:\/\/www.vitaevino.org\/es\/#\/schema\/logo\/image\/"}}]}},"_links":{"self":[{"href":"https:\/\/www.vitaevino.org\/es\/wp-json\/wp\/v2\/pages\/376","targetHints":{"allow":["GET"]}}],"collection":[{"href":"https:\/\/www.vitaevino.org\/es\/wp-json\/wp\/v2\/pages"}],"about":[{"href":"https:\/\/www.vitaevino.org\/es\/wp-json\/wp\/v2\/types\/page"}],"author":[{"embeddable":true,"href":"https:\/\/www.vitaevino.org\/es\/wp-json\/wp\/v2\/users\/1"}],"replies":[{"embeddable":true,"href":"https:\/\/www.vitaevino.org\/es\/wp-json\/wp\/v2\/comments?post=376"}],"version-history":[{"count":6,"href":"https:\/\/www.vitaevino.org\/es\/wp-json\/wp\/v2\/pages\/376\/revisions"}],"predecessor-version":[{"id":14965,"href":"https:\/\/www.vitaevino.org\/es\/wp-json\/wp\/v2\/pages\/376\/revisions\/14965"}],"wp:featuredmedia":[{"embeddable":true,"href":"https:\/\/www.vitaevino.org\/es\/wp-json\/wp\/v2\/media\/49"}],"wp:attachment":[{"href":"https:\/\/www.vitaevino.org\/es\/wp-json\/wp\/v2\/media?parent=376"}],"curies":[{"name":"wp","href":"https:\/\/api.w.org\/{rel}","templated":true}]}}