{"id":657,"date":"2024-07-02T13:54:21","date_gmt":"2024-07-02T11:54:21","guid":{"rendered":"https:\/\/www.vitaevino.org\/home\/"},"modified":"2024-12-05T11:20:18","modified_gmt":"2024-12-05T10:20:18","slug":"home","status":"publish","type":"page","link":"https:\/\/www.vitaevino.org\/de\/","title":{"rendered":"The Declaration"},"content":{"rendered":"","protected":false},"excerpt":{"rendered":"","protected":false},"author":1,"featured_media":658,"parent":0,"menu_order":0,"comment_status":"closed","ping_status":"closed","template":"src\/pages-templates\/home.php","meta":{"_acf_changed":false,"inline_featured_image":false,"footnotes":""},"class_list":["post-657","page","type-page","status-publish","has-post-thumbnail","hentry"],"acf":[],"yoast_head":"<!-- This site is optimized with the Yoast SEO plugin v26.6 - https:\/\/yoast.com\/wordpress\/plugins\/seo\/ -->\n<title>Vit\u00e6vino, Erkl\u00e4rung zur Unterst\u00fctzung der bedrohten Weinkultur<\/title>\n<meta name=\"description\" content=\"Mit der Unterzeichnung der Erkl\u00e4rung zur Unterst\u00fctzung der Weinkultur bekennen Sie sich zum Wein als Symbol der Geselligkeit, zu seiner historischen, wirtschaftlichen und kulturellen Rolle und unterst\u00fctzen einen ma\u00dfvollen Konsum als Teil einer gesunden Lebensweise.\" \/>\n<meta name=\"robots\" content=\"index, follow, max-snippet:-1, max-image-preview:large, max-video-preview:-1\" \/>\n<link rel=\"canonical\" href=\"https:\/\/www.vitaevino.org\/de\/\" \/>\n<meta property=\"og:locale\" content=\"de_DE\" \/>\n<meta property=\"og:type\" content=\"article\" \/>\n<meta property=\"og:title\" content=\"Vit\u00e6vino, Erkl\u00e4rung zur Unterst\u00fctzung der bedrohten Weinkultur\" \/>\n<meta property=\"og:description\" content=\"Mit der Unterzeichnung der Erkl\u00e4rung zur Unterst\u00fctzung der Weinkultur bekennen Sie sich zum Wein als Symbol der Geselligkeit, zu seiner historischen, wirtschaftlichen und kulturellen Rolle und unterst\u00fctzen einen ma\u00dfvollen Konsum als Teil einer gesunden Lebensweise.\" \/>\n<meta property=\"og:url\" content=\"https:\/\/www.vitaevino.org\/de\/\" \/>\n<meta property=\"og:site_name\" content=\"Vit\u00e6vino\" \/>\n<meta property=\"article:modified_time\" content=\"2024-12-05T10:20:18+00:00\" \/>\n<meta property=\"og:image\" content=\"https:\/\/www.vitaevino.org\/wp-content\/uploads\/2024\/07\/vitaevino-share.jpg\" \/>\n\t<meta property=\"og:image:width\" content=\"1200\" \/>\n\t<meta property=\"og:image:height\" content=\"675\" \/>\n\t<meta property=\"og:image:type\" content=\"image\/jpeg\" \/>\n<meta name=\"twitter:card\" content=\"summary_large_image\" \/>\n<meta name=\"twitter:label1\" content=\"Gesch\u00e4tzte Lesezeit\" \/>\n\t<meta name=\"twitter:data1\" content=\"1\u00a0Minute\" \/>\n<script type=\"application\/ld+json\" class=\"yoast-schema-graph\">{\"@context\":\"https:\/\/schema.org\",\"@graph\":[{\"@type\":\"WebPage\",\"@id\":\"https:\/\/www.vitaevino.org\/de\/\",\"url\":\"https:\/\/www.vitaevino.org\/de\/\",\"name\":\"Vit\u00e6vino, Erkl\u00e4rung zur Unterst\u00fctzung der bedrohten Weinkultur\",\"isPartOf\":{\"@id\":\"https:\/\/www.vitaevino.org\/de\/#website\"},\"primaryImageOfPage\":{\"@id\":\"https:\/\/www.vitaevino.org\/de\/#primaryimage\"},\"image\":{\"@id\":\"https:\/\/www.vitaevino.org\/de\/#primaryimage\"},\"thumbnailUrl\":\"https:\/\/www.vitaevino.org\/wp-content\/uploads\/2024\/07\/vitaevino-share.jpg\",\"datePublished\":\"2024-07-02T11:54:21+00:00\",\"dateModified\":\"2024-12-05T10:20:18+00:00\",\"description\":\"Mit der Unterzeichnung der Erkl\u00e4rung zur Unterst\u00fctzung der Weinkultur bekennen Sie sich zum Wein als Symbol der Geselligkeit, zu seiner historischen, wirtschaftlichen und kulturellen Rolle und unterst\u00fctzen einen ma\u00dfvollen Konsum als Teil einer gesunden Lebensweise.\",\"breadcrumb\":{\"@id\":\"https:\/\/www.vitaevino.org\/de\/#breadcrumb\"},\"inLanguage\":\"de\",\"potentialAction\":[{\"@type\":\"ReadAction\",\"target\":[\"https:\/\/www.vitaevino.org\/de\/\"]}]},{\"@type\":\"ImageObject\",\"inLanguage\":\"de\",\"@id\":\"https:\/\/www.vitaevino.org\/de\/#primaryimage\",\"url\":\"https:\/\/www.vitaevino.org\/wp-content\/uploads\/2024\/07\/vitaevino-share.jpg\",\"contentUrl\":\"https:\/\/www.vitaevino.org\/wp-content\/uploads\/2024\/07\/vitaevino-share.jpg\",\"width\":1200,\"height\":675},{\"@type\":\"BreadcrumbList\",\"@id\":\"https:\/\/www.vitaevino.org\/de\/#breadcrumb\",\"itemListElement\":[{\"@type\":\"ListItem\",\"position\":1,\"name\":\"Home\",\"item\":\"https:\/\/www.vitaevino.org\/de\/\"},{\"@type\":\"ListItem\",\"position\":2,\"name\":\"The Declaration\"}]},{\"@type\":\"WebSite\",\"@id\":\"https:\/\/www.vitaevino.org\/de\/#website\",\"url\":\"https:\/\/www.vitaevino.org\/de\/\",\"name\":\"Vit\u00e6vino\",\"description\":\"Defend wine culture and conviviality\",\"publisher\":{\"@id\":\"https:\/\/www.vitaevino.org\/de\/#organization\"},\"potentialAction\":[{\"@type\":\"SearchAction\",\"target\":{\"@type\":\"EntryPoint\",\"urlTemplate\":\"https:\/\/www.vitaevino.org\/de\/?s={search_term_string}\"},\"query-input\":{\"@type\":\"PropertyValueSpecification\",\"valueRequired\":true,\"valueName\":\"search_term_string\"}}],\"inLanguage\":\"de\"},{\"@type\":\"Organization\",\"@id\":\"https:\/\/www.vitaevino.org\/de\/#organization\",\"name\":\"Vit\u00e6vino\",\"url\":\"https:\/\/www.vitaevino.org\/de\/\",\"logo\":{\"@type\":\"ImageObject\",\"inLanguage\":\"de\",\"@id\":\"https:\/\/www.vitaevino.org\/de\/#\/schema\/logo\/image\/\",\"url\":\"https:\/\/www.vitaevino.org\/wp-content\/uploads\/2024\/07\/VitaeVino_Logo_Regular.jpg\",\"contentUrl\":\"https:\/\/www.vitaevino.org\/wp-content\/uploads\/2024\/07\/VitaeVino_Logo_Regular.jpg\",\"width\":2458,\"height\":657,\"caption\":\"Vit\u00e6vino\"},\"image\":{\"@id\":\"https:\/\/www.vitaevino.org\/de\/#\/schema\/logo\/image\/\"}}]}<\/script>\n<!-- \/ Yoast SEO plugin. -->","yoast_head_json":{"title":"Vit\u00e6vino, Erkl\u00e4rung zur Unterst\u00fctzung der bedrohten Weinkultur","description":"Mit der Unterzeichnung der Erkl\u00e4rung zur Unterst\u00fctzung der Weinkultur bekennen Sie sich zum Wein als Symbol der Geselligkeit, zu seiner historischen, wirtschaftlichen und kulturellen Rolle und unterst\u00fctzen einen ma\u00dfvollen Konsum als Teil einer gesunden Lebensweise.","robots":{"index":"index","follow":"follow","max-snippet":"max-snippet:-1","max-image-preview":"max-image-preview:large","max-video-preview":"max-video-preview:-1"},"canonical":"https:\/\/www.vitaevino.org\/de\/","og_locale":"de_DE","og_type":"article","og_title":"Vit\u00e6vino, Erkl\u00e4rung zur Unterst\u00fctzung der bedrohten Weinkultur","og_description":"Mit der Unterzeichnung der Erkl\u00e4rung zur Unterst\u00fctzung der Weinkultur bekennen Sie sich zum Wein als Symbol der Geselligkeit, zu seiner historischen, wirtschaftlichen und kulturellen Rolle und unterst\u00fctzen einen ma\u00dfvollen Konsum als Teil einer gesunden Lebensweise.","og_url":"https:\/\/www.vitaevino.org\/de\/","og_site_name":"Vit\u00e6vino","article_modified_time":"2024-12-05T10:20:18+00:00","og_image":[{"width":1200,"height":675,"url":"https:\/\/www.vitaevino.org\/wp-content\/uploads\/2024\/07\/vitaevino-share.jpg","type":"image\/jpeg"}],"twitter_card":"summary_large_image","twitter_misc":{"Gesch\u00e4tzte Lesezeit":"1\u00a0Minute"},"schema":{"@context":"https:\/\/schema.org","@graph":[{"@type":"WebPage","@id":"https:\/\/www.vitaevino.org\/de\/","url":"https:\/\/www.vitaevino.org\/de\/","name":"Vit\u00e6vino, Erkl\u00e4rung zur Unterst\u00fctzung der bedrohten Weinkultur","isPartOf":{"@id":"https:\/\/www.vitaevino.org\/de\/#website"},"primaryImageOfPage":{"@id":"https:\/\/www.vitaevino.org\/de\/#primaryimage"},"image":{"@id":"https:\/\/www.vitaevino.org\/de\/#primaryimage"},"thumbnailUrl":"https:\/\/www.vitaevino.org\/wp-content\/uploads\/2024\/07\/vitaevino-share.jpg","datePublished":"2024-07-02T11:54:21+00:00","dateModified":"2024-12-05T10:20:18+00:00","description":"Mit der Unterzeichnung der Erkl\u00e4rung zur Unterst\u00fctzung der Weinkultur bekennen Sie sich zum Wein als Symbol der Geselligkeit, zu seiner historischen, wirtschaftlichen und kulturellen Rolle und unterst\u00fctzen einen ma\u00dfvollen Konsum als Teil einer gesunden Lebensweise.","breadcrumb":{"@id":"https:\/\/www.vitaevino.org\/de\/#breadcrumb"},"inLanguage":"de","potentialAction":[{"@type":"ReadAction","target":["https:\/\/www.vitaevino.org\/de\/"]}]},{"@type":"ImageObject","inLanguage":"de","@id":"https:\/\/www.vitaevino.org\/de\/#primaryimage","url":"https:\/\/www.vitaevino.org\/wp-content\/uploads\/2024\/07\/vitaevino-share.jpg","contentUrl":"https:\/\/www.vitaevino.org\/wp-content\/uploads\/2024\/07\/vitaevino-share.jpg","width":1200,"height":675},{"@type":"BreadcrumbList","@id":"https:\/\/www.vitaevino.org\/de\/#breadcrumb","itemListElement":[{"@type":"ListItem","position":1,"name":"Home","item":"https:\/\/www.vitaevino.org\/de\/"},{"@type":"ListItem","position":2,"name":"The Declaration"}]},{"@type":"WebSite","@id":"https:\/\/www.vitaevino.org\/de\/#website","url":"https:\/\/www.vitaevino.org\/de\/","name":"Vit\u00e6vino","description":"Defend wine culture and conviviality","publisher":{"@id":"https:\/\/www.vitaevino.org\/de\/#organization"},"potentialAction":[{"@type":"SearchAction","target":{"@type":"EntryPoint","urlTemplate":"https:\/\/www.vitaevino.org\/de\/?s={search_term_string}"},"query-input":{"@type":"PropertyValueSpecification","valueRequired":true,"valueName":"search_term_string"}}],"inLanguage":"de"},{"@type":"Organization","@id":"https:\/\/www.vitaevino.org\/de\/#organization","name":"Vit\u00e6vino","url":"https:\/\/www.vitaevino.org\/de\/","logo":{"@type":"ImageObject","inLanguage":"de","@id":"https:\/\/www.vitaevino.org\/de\/#\/schema\/logo\/image\/","url":"https:\/\/www.vitaevino.org\/wp-content\/uploads\/2024\/07\/VitaeVino_Logo_Regular.jpg","contentUrl":"https:\/\/www.vitaevino.org\/wp-content\/uploads\/2024\/07\/VitaeVino_Logo_Regular.jpg","width":2458,"height":657,"caption":"Vit\u00e6vino"},"image":{"@id":"https:\/\/www.vitaevino.org\/de\/#\/schema\/logo\/image\/"}}]}},"_links":{"self":[{"href":"https:\/\/www.vitaevino.org\/de\/wp-json\/wp\/v2\/pages\/657","targetHints":{"allow":["GET"]}}],"collection":[{"href":"https:\/\/www.vitaevino.org\/de\/wp-json\/wp\/v2\/pages"}],"about":[{"href":"https:\/\/www.vitaevino.org\/de\/wp-json\/wp\/v2\/types\/page"}],"author":[{"embeddable":true,"href":"https:\/\/www.vitaevino.org\/de\/wp-json\/wp\/v2\/users\/1"}],"replies":[{"embeddable":true,"href":"https:\/\/www.vitaevino.org\/de\/wp-json\/wp\/v2\/comments?post=657"}],"version-history":[{"count":6,"href":"https:\/\/www.vitaevino.org\/de\/wp-json\/wp\/v2\/pages\/657\/revisions"}],"predecessor-version":[{"id":14966,"href":"https:\/\/www.vitaevino.org\/de\/wp-json\/wp\/v2\/pages\/657\/revisions\/14966"}],"wp:featuredmedia":[{"embeddable":true,"href":"https:\/\/www.vitaevino.org\/de\/wp-json\/wp\/v2\/media\/658"}],"wp:attachment":[{"href":"https:\/\/www.vitaevino.org\/de\/wp-json\/wp\/v2\/media?parent=657"}],"curies":[{"name":"wp","href":"https:\/\/api.w.org\/{rel}","templated":true}]}}