{"id":655,"date":"2024-07-02T13:54:21","date_gmt":"2024-07-02T11:54:21","guid":{"rendered":"https:\/\/www.vitaevino.org\/home\/"},"modified":"2024-12-05T11:21:36","modified_gmt":"2024-12-05T10:21:36","slug":"home","status":"publish","type":"page","link":"https:\/\/www.vitaevino.org\/cs\/","title":{"rendered":"Deklarace"},"content":{"rendered":"","protected":false},"excerpt":{"rendered":"","protected":false},"author":1,"featured_media":656,"parent":0,"menu_order":0,"comment_status":"closed","ping_status":"closed","template":"src\/pages-templates\/home.php","meta":{"_acf_changed":false,"inline_featured_image":false,"footnotes":""},"class_list":["post-655","page","type-page","status-publish","has-post-thumbnail","hentry"],"acf":[],"yoast_head":"<!-- This site is optimized with the Yoast SEO plugin v26.6 - https:\/\/yoast.com\/wordpress\/plugins\/seo\/ -->\n<title>Vit\u00e6vino, Chra\u0148te vina\u0159skou kulturu a pospolitost<\/title>\n<meta name=\"description\" content=\"Podpisem t\u00e9to vina\u0159sk\u00e9 deklarace uk\u00e1\u017eete, \u017ee stoj\u00edte za v\u00ednem jako symbolem pospolitosti, uzn\u00e1v\u00e1te jeho historickou, ekonomickou a kulturn\u00ed roli a podporujete um\u00edrn\u011bnou konzumaci v\u00edna jako sou\u010d\u00e1st zdrav\u00e9ho \u017eivotn\u00edho stylu.\" \/>\n<meta name=\"robots\" content=\"index, follow, max-snippet:-1, max-image-preview:large, max-video-preview:-1\" \/>\n<link rel=\"canonical\" href=\"https:\/\/www.vitaevino.org\/cs\/\" \/>\n<meta property=\"og:locale\" content=\"cs_CZ\" \/>\n<meta property=\"og:type\" content=\"article\" \/>\n<meta property=\"og:title\" content=\"Vit\u00e6vino, Chra\u0148te vina\u0159skou kulturu a pospolitost\" \/>\n<meta property=\"og:description\" content=\"Podpisem t\u00e9to vina\u0159sk\u00e9 deklarace uk\u00e1\u017eete, \u017ee stoj\u00edte za v\u00ednem jako symbolem pospolitosti, uzn\u00e1v\u00e1te jeho historickou, ekonomickou a kulturn\u00ed roli a podporujete um\u00edrn\u011bnou konzumaci v\u00edna jako sou\u010d\u00e1st zdrav\u00e9ho \u017eivotn\u00edho stylu.\" \/>\n<meta property=\"og:url\" content=\"https:\/\/www.vitaevino.org\/cs\/\" \/>\n<meta property=\"og:site_name\" content=\"Vit\u00e6vino\" \/>\n<meta property=\"article:modified_time\" content=\"2024-12-05T10:21:36+00:00\" \/>\n<meta property=\"og:image\" content=\"https:\/\/www.vitaevino.org\/wp-content\/uploads\/2024\/07\/vitaevino-share.jpg\" \/>\n\t<meta property=\"og:image:width\" content=\"1200\" \/>\n\t<meta property=\"og:image:height\" content=\"675\" \/>\n\t<meta property=\"og:image:type\" content=\"image\/jpeg\" \/>\n<meta name=\"twitter:card\" content=\"summary_large_image\" \/>\n<meta name=\"twitter:label1\" content=\"Odhadovan\u00e1 doba \u010dten\u00ed\" \/>\n\t<meta name=\"twitter:data1\" content=\"1 minuta\" \/>\n<script type=\"application\/ld+json\" class=\"yoast-schema-graph\">{\"@context\":\"https:\/\/schema.org\",\"@graph\":[{\"@type\":\"WebPage\",\"@id\":\"https:\/\/www.vitaevino.org\/cs\/\",\"url\":\"https:\/\/www.vitaevino.org\/cs\/\",\"name\":\"Vit\u00e6vino, Chra\u0148te vina\u0159skou kulturu a pospolitost\",\"isPartOf\":{\"@id\":\"https:\/\/www.vitaevino.org\/cs\/#website\"},\"primaryImageOfPage\":{\"@id\":\"https:\/\/www.vitaevino.org\/cs\/#primaryimage\"},\"image\":{\"@id\":\"https:\/\/www.vitaevino.org\/cs\/#primaryimage\"},\"thumbnailUrl\":\"https:\/\/www.vitaevino.org\/wp-content\/uploads\/2024\/07\/vitaevino-share.jpg\",\"datePublished\":\"2024-07-02T11:54:21+00:00\",\"dateModified\":\"2024-12-05T10:21:36+00:00\",\"description\":\"Podpisem t\u00e9to vina\u0159sk\u00e9 deklarace uk\u00e1\u017eete, \u017ee stoj\u00edte za v\u00ednem jako symbolem pospolitosti, uzn\u00e1v\u00e1te jeho historickou, ekonomickou a kulturn\u00ed roli a podporujete um\u00edrn\u011bnou konzumaci v\u00edna jako sou\u010d\u00e1st zdrav\u00e9ho \u017eivotn\u00edho stylu.\",\"breadcrumb\":{\"@id\":\"https:\/\/www.vitaevino.org\/cs\/#breadcrumb\"},\"inLanguage\":\"cs\",\"potentialAction\":[{\"@type\":\"ReadAction\",\"target\":[\"https:\/\/www.vitaevino.org\/cs\/\"]}]},{\"@type\":\"ImageObject\",\"inLanguage\":\"cs\",\"@id\":\"https:\/\/www.vitaevino.org\/cs\/#primaryimage\",\"url\":\"https:\/\/www.vitaevino.org\/wp-content\/uploads\/2024\/07\/vitaevino-share.jpg\",\"contentUrl\":\"https:\/\/www.vitaevino.org\/wp-content\/uploads\/2024\/07\/vitaevino-share.jpg\",\"width\":1200,\"height\":675},{\"@type\":\"BreadcrumbList\",\"@id\":\"https:\/\/www.vitaevino.org\/cs\/#breadcrumb\",\"itemListElement\":[{\"@type\":\"ListItem\",\"position\":1,\"name\":\"Home\",\"item\":\"https:\/\/www.vitaevino.org\/cs\/\"},{\"@type\":\"ListItem\",\"position\":2,\"name\":\"Deklarace\"}]},{\"@type\":\"WebSite\",\"@id\":\"https:\/\/www.vitaevino.org\/cs\/#website\",\"url\":\"https:\/\/www.vitaevino.org\/cs\/\",\"name\":\"Vit\u00e6vino\",\"description\":\"Defend wine culture and conviviality\",\"publisher\":{\"@id\":\"https:\/\/www.vitaevino.org\/cs\/#organization\"},\"potentialAction\":[{\"@type\":\"SearchAction\",\"target\":{\"@type\":\"EntryPoint\",\"urlTemplate\":\"https:\/\/www.vitaevino.org\/cs\/?s={search_term_string}\"},\"query-input\":{\"@type\":\"PropertyValueSpecification\",\"valueRequired\":true,\"valueName\":\"search_term_string\"}}],\"inLanguage\":\"cs\"},{\"@type\":\"Organization\",\"@id\":\"https:\/\/www.vitaevino.org\/cs\/#organization\",\"name\":\"Vit\u00e6vino\",\"url\":\"https:\/\/www.vitaevino.org\/cs\/\",\"logo\":{\"@type\":\"ImageObject\",\"inLanguage\":\"cs\",\"@id\":\"https:\/\/www.vitaevino.org\/cs\/#\/schema\/logo\/image\/\",\"url\":\"https:\/\/www.vitaevino.org\/wp-content\/uploads\/2024\/07\/VitaeVino_Logo_Regular.jpg\",\"contentUrl\":\"https:\/\/www.vitaevino.org\/wp-content\/uploads\/2024\/07\/VitaeVino_Logo_Regular.jpg\",\"width\":2458,\"height\":657,\"caption\":\"Vit\u00e6vino\"},\"image\":{\"@id\":\"https:\/\/www.vitaevino.org\/cs\/#\/schema\/logo\/image\/\"}}]}<\/script>\n<!-- \/ Yoast SEO plugin. -->","yoast_head_json":{"title":"Vit\u00e6vino, Chra\u0148te vina\u0159skou kulturu a pospolitost","description":"Podpisem t\u00e9to vina\u0159sk\u00e9 deklarace uk\u00e1\u017eete, \u017ee stoj\u00edte za v\u00ednem jako symbolem pospolitosti, uzn\u00e1v\u00e1te jeho historickou, ekonomickou a kulturn\u00ed roli a podporujete um\u00edrn\u011bnou konzumaci v\u00edna jako sou\u010d\u00e1st zdrav\u00e9ho \u017eivotn\u00edho stylu.","robots":{"index":"index","follow":"follow","max-snippet":"max-snippet:-1","max-image-preview":"max-image-preview:large","max-video-preview":"max-video-preview:-1"},"canonical":"https:\/\/www.vitaevino.org\/cs\/","og_locale":"cs_CZ","og_type":"article","og_title":"Vit\u00e6vino, Chra\u0148te vina\u0159skou kulturu a pospolitost","og_description":"Podpisem t\u00e9to vina\u0159sk\u00e9 deklarace uk\u00e1\u017eete, \u017ee stoj\u00edte za v\u00ednem jako symbolem pospolitosti, uzn\u00e1v\u00e1te jeho historickou, ekonomickou a kulturn\u00ed roli a podporujete um\u00edrn\u011bnou konzumaci v\u00edna jako sou\u010d\u00e1st zdrav\u00e9ho \u017eivotn\u00edho stylu.","og_url":"https:\/\/www.vitaevino.org\/cs\/","og_site_name":"Vit\u00e6vino","article_modified_time":"2024-12-05T10:21:36+00:00","og_image":[{"width":1200,"height":675,"url":"https:\/\/www.vitaevino.org\/wp-content\/uploads\/2024\/07\/vitaevino-share.jpg","type":"image\/jpeg"}],"twitter_card":"summary_large_image","twitter_misc":{"Odhadovan\u00e1 doba \u010dten\u00ed":"1 minuta"},"schema":{"@context":"https:\/\/schema.org","@graph":[{"@type":"WebPage","@id":"https:\/\/www.vitaevino.org\/cs\/","url":"https:\/\/www.vitaevino.org\/cs\/","name":"Vit\u00e6vino, Chra\u0148te vina\u0159skou kulturu a pospolitost","isPartOf":{"@id":"https:\/\/www.vitaevino.org\/cs\/#website"},"primaryImageOfPage":{"@id":"https:\/\/www.vitaevino.org\/cs\/#primaryimage"},"image":{"@id":"https:\/\/www.vitaevino.org\/cs\/#primaryimage"},"thumbnailUrl":"https:\/\/www.vitaevino.org\/wp-content\/uploads\/2024\/07\/vitaevino-share.jpg","datePublished":"2024-07-02T11:54:21+00:00","dateModified":"2024-12-05T10:21:36+00:00","description":"Podpisem t\u00e9to vina\u0159sk\u00e9 deklarace uk\u00e1\u017eete, \u017ee stoj\u00edte za v\u00ednem jako symbolem pospolitosti, uzn\u00e1v\u00e1te jeho historickou, ekonomickou a kulturn\u00ed roli a podporujete um\u00edrn\u011bnou konzumaci v\u00edna jako sou\u010d\u00e1st zdrav\u00e9ho \u017eivotn\u00edho stylu.","breadcrumb":{"@id":"https:\/\/www.vitaevino.org\/cs\/#breadcrumb"},"inLanguage":"cs","potentialAction":[{"@type":"ReadAction","target":["https:\/\/www.vitaevino.org\/cs\/"]}]},{"@type":"ImageObject","inLanguage":"cs","@id":"https:\/\/www.vitaevino.org\/cs\/#primaryimage","url":"https:\/\/www.vitaevino.org\/wp-content\/uploads\/2024\/07\/vitaevino-share.jpg","contentUrl":"https:\/\/www.vitaevino.org\/wp-content\/uploads\/2024\/07\/vitaevino-share.jpg","width":1200,"height":675},{"@type":"BreadcrumbList","@id":"https:\/\/www.vitaevino.org\/cs\/#breadcrumb","itemListElement":[{"@type":"ListItem","position":1,"name":"Home","item":"https:\/\/www.vitaevino.org\/cs\/"},{"@type":"ListItem","position":2,"name":"Deklarace"}]},{"@type":"WebSite","@id":"https:\/\/www.vitaevino.org\/cs\/#website","url":"https:\/\/www.vitaevino.org\/cs\/","name":"Vit\u00e6vino","description":"Defend wine culture and conviviality","publisher":{"@id":"https:\/\/www.vitaevino.org\/cs\/#organization"},"potentialAction":[{"@type":"SearchAction","target":{"@type":"EntryPoint","urlTemplate":"https:\/\/www.vitaevino.org\/cs\/?s={search_term_string}"},"query-input":{"@type":"PropertyValueSpecification","valueRequired":true,"valueName":"search_term_string"}}],"inLanguage":"cs"},{"@type":"Organization","@id":"https:\/\/www.vitaevino.org\/cs\/#organization","name":"Vit\u00e6vino","url":"https:\/\/www.vitaevino.org\/cs\/","logo":{"@type":"ImageObject","inLanguage":"cs","@id":"https:\/\/www.vitaevino.org\/cs\/#\/schema\/logo\/image\/","url":"https:\/\/www.vitaevino.org\/wp-content\/uploads\/2024\/07\/VitaeVino_Logo_Regular.jpg","contentUrl":"https:\/\/www.vitaevino.org\/wp-content\/uploads\/2024\/07\/VitaeVino_Logo_Regular.jpg","width":2458,"height":657,"caption":"Vit\u00e6vino"},"image":{"@id":"https:\/\/www.vitaevino.org\/cs\/#\/schema\/logo\/image\/"}}]}},"_links":{"self":[{"href":"https:\/\/www.vitaevino.org\/cs\/wp-json\/wp\/v2\/pages\/655","targetHints":{"allow":["GET"]}}],"collection":[{"href":"https:\/\/www.vitaevino.org\/cs\/wp-json\/wp\/v2\/pages"}],"about":[{"href":"https:\/\/www.vitaevino.org\/cs\/wp-json\/wp\/v2\/types\/page"}],"author":[{"embeddable":true,"href":"https:\/\/www.vitaevino.org\/cs\/wp-json\/wp\/v2\/users\/1"}],"replies":[{"embeddable":true,"href":"https:\/\/www.vitaevino.org\/cs\/wp-json\/wp\/v2\/comments?post=655"}],"version-history":[{"count":8,"href":"https:\/\/www.vitaevino.org\/cs\/wp-json\/wp\/v2\/pages\/655\/revisions"}],"predecessor-version":[{"id":14968,"href":"https:\/\/www.vitaevino.org\/cs\/wp-json\/wp\/v2\/pages\/655\/revisions\/14968"}],"wp:featuredmedia":[{"embeddable":true,"href":"https:\/\/www.vitaevino.org\/cs\/wp-json\/wp\/v2\/media\/656"}],"wp:attachment":[{"href":"https:\/\/www.vitaevino.org\/cs\/wp-json\/wp\/v2\/media?parent=655"}],"curies":[{"name":"wp","href":"https:\/\/api.w.org\/{rel}","templated":true}]}}